{"id":24,"date":"2016-08-01T11:45:51","date_gmt":"2016-08-01T11:45:51","guid":{"rendered":"http:\/\/www.jakobsdalls.se\/index\/?page_id=24"},"modified":"2025-09-22T11:09:46","modified_gmt":"2025-09-22T09:09:46","slug":"contacts","status":"publish","type":"page","link":"https:\/\/jakobsdalls.se\/index\/contacts\/","title":{"rendered":"Kontakta oss"},"content":{"rendered":"<div class=\"wpb-content-wrapper\"><p>[vc_row][vc_column]<h1 class=\"sc_title sc_title_regular\"><span class=\"tlid-translation translation\" lang=\"sv\"><span class=\"\" title=\"\">Kontaktinformation<\/span><\/span><\/h1>[\/vc_column][\/vc_row][vc_row][vc_column width=&#8221;1\/4&#8243;]<span class=\"sc_icon icon-location-light\" style=\"color:#dd0000;\"><\/span>[vc_column_text]<\/p>\n<p lang=\"sv\" style=\"margin: 0in; font-family: 'Times New Roman'; font-size: 12.0pt;\">Jakobsdals Restaurang &amp; Pizzeria<\/p>\n<p lang=\"sv\" style=\"margin: 0in; font-family: 'Times New Roman'; font-size: 12.0pt;\">Kronhjortsgatan 2<\/p>\n<p lang=\"sv\" style=\"margin: 0in; font-family: 'Times New Roman'; font-size: 12.0pt;\">412 68 G\u00f6teborg<\/p>\n<p>[\/vc_column_text][\/vc_column][vc_column width=&#8221;1\/4&#8243;]<span class=\"sc_icon icon-clock-empty\" style=\"color:#dd0000;\"><\/span>[vc_column_text]\u00d6ppettider:<br \/>\nM\u00e5n-Fre 11:00 &#8211; 22:00<br \/>\nL\u00f6r-S\u00f6n 12:00 &#8211; 22:00[\/vc_column_text][\/vc_column][vc_column width=&#8221;1\/4&#8243;]<span class=\"sc_icon icon-mobile\" style=\"color:#dd0000;\"><\/span>[vc_column_text]Ring oss<br \/>\n031-40 79 69[\/vc_column_text][\/vc_column][vc_column width=&#8221;1\/4&#8243;][vc_single_image image=&#8221;1844&#8243;][\/vc_column][\/vc_row][vc_row][vc_column width=&#8221;1\/2&#8243;]\n<div class=\"wpcf7 no-js\" id=\"wpcf7-f1855-o1\" lang=\"sv-SE\" dir=\"ltr\" data-wpcf7-id=\"1855\">\n<div class=\"screen-reader-response\"><p role=\"status\" aria-live=\"polite\" aria-atomic=\"true\"><\/p> <ul><\/ul><\/div>\n<form action=\"\/index\/wp-json\/wp\/v2\/pages\/24#wpcf7-f1855-o1\" method=\"post\" class=\"wpcf7-form init\" aria-label=\"Kontaktformul\u00e4r\" novalidate=\"novalidate\" data-status=\"init\">\n<fieldset class=\"hidden-fields-container\"><input type=\"hidden\" name=\"_wpcf7\" value=\"1855\" \/><input type=\"hidden\" name=\"_wpcf7_version\" value=\"6.1.4\" \/><input type=\"hidden\" name=\"_wpcf7_locale\" value=\"sv_SE\" \/><input type=\"hidden\" name=\"_wpcf7_unit_tag\" value=\"wpcf7-f1855-o1\" \/><input type=\"hidden\" name=\"_wpcf7_container_post\" value=\"0\" \/><input type=\"hidden\" name=\"_wpcf7_posted_data_hash\" value=\"\" \/>\n<\/fieldset>\n<label> Ditt namn (obligatorisk)\n    <span class=\"wpcf7-form-control-wrap\" data-name=\"your-name\"><input size=\"40\" maxlength=\"400\" class=\"wpcf7-form-control wpcf7-text wpcf7-validates-as-required\" aria-required=\"true\" aria-invalid=\"false\" value=\"\" type=\"text\" name=\"your-name\" \/><\/span> <\/label>\n\n<label> Din e-post (obligatorisk)\n    <span class=\"wpcf7-form-control-wrap\" data-name=\"your-email\"><input size=\"40\" maxlength=\"400\" class=\"wpcf7-form-control wpcf7-email wpcf7-validates-as-required wpcf7-text wpcf7-validates-as-email\" aria-required=\"true\" aria-invalid=\"false\" value=\"\" type=\"email\" name=\"your-email\" \/><\/span> <\/label>\n\n<label> \u00c4mne\n    <span class=\"wpcf7-form-control-wrap\" data-name=\"your-subject\"><input size=\"40\" maxlength=\"400\" class=\"wpcf7-form-control wpcf7-text\" aria-invalid=\"false\" value=\"\" type=\"text\" name=\"your-subject\" \/><\/span> <\/label>\n\n<label> Ditt meddelande\n    <span class=\"wpcf7-form-control-wrap\" data-name=\"your-message\"><textarea cols=\"40\" rows=\"10\" maxlength=\"2000\" class=\"wpcf7-form-control wpcf7-textarea\" aria-invalid=\"false\" name=\"your-message\"><\/textarea><\/span> <\/label>\n\n<input class=\"wpcf7-form-control wpcf7-submit has-spinner\" type=\"submit\" value=\"Skicka\" \/><div class=\"wpcf7-response-output\" aria-hidden=\"true\"><\/div>\n<\/form>\n<\/div>\n[\/vc_column][vc_column width=&#8221;1\/2&#8243;][vc_gmaps link=&#8221;#E-8_JTNDaWZyYW1lJTIwc3JjJTNEJTIyaHR0cHMlM0ElMkYlMkZ3d3cuZ29vZ2xlLmNvbSUyRm1hcHMlMkZlbWJlZCUzRnBiJTNEJTIxMW0xOCUyMTFtMTIlMjExbTMlMjExZDIxMzIuMTY5MjA1OTQ1MTYwMiUyMTJkMTEuOTk1MjE4Nzc3MTQ1MDglMjEzZDU3LjY5NjU5NTA0MDYyNjUwNSUyMTJtMyUyMTFmMCUyMTJmMCUyMTNmMCUyMTNtMiUyMTFpMTAyNCUyMTJpNzY4JTIxNGYxMy4xJTIxM20zJTIxMW0yJTIxMXMweDQ2NGZmMzliOGZmMDY3MjklMjUzQTB4MzZkOTVhMmYyZDM2MDEwMyUyMTJzS3Jvbmhqb3J0c2dhdGFuJTI1MjAyJTI1MkMlMjUyMDQxMiUyNTIwNjglMjUyMEclMjVDMyUyNUI2dGVib3JnJTIxNWUwJTIxM20yJTIxMXNzdiUyMTJzc2UlMjE0djE3NTg1MzE5MzYzMjAlMjE1bTIlMjExc3N2JTIxMnNzZSUyMiUyMHdpZHRoJTNEJTIyNjAwJTIyJTIwaGVpZ2h0JTNEJTIyNDUwJTIyJTIwc3R5bGUlM0QlMjJib3JkZXIlM0EwJTNCJTIyJTIwYWxsb3dmdWxsc2NyZWVuJTNEJTIyJTIyJTIwbG9hZGluZyUzRCUyMmxhenklMjIlMjByZWZlcnJlcnBvbGljeSUzRCUyMm5vLXJlZmVycmVyLXdoZW4tZG93bmdyYWRlJTIyJTNFJTNDJTJGaWZyYW1lJTNF&#8221; css=&#8221;&#8221; title=&#8221;Jakobsdals Restaurang &amp; Pizzeria&#8221;][\/vc_column][\/vc_row][vc_row][vc_column][\/vc_column][\/vc_row][vc_column][\/vc_column]<\/p>\n<\/div>","protected":false},"excerpt":{"rendered":"<p>[vc_row][vc_column][\/vc_column][\/vc_row][vc_row][vc_column width=&#8221;1\/4&#8243;][vc_column_text] Jakobsdals Restaurang &amp; Pizzeria Kronhjortsgatan 2 412 68 G\u00f6teborg [\/vc_column_text][\/vc_column][vc_column width=&#8221;1\/4&#8243;][vc_column_text]\u00d6ppettider: M\u00e5n-Fre 11:00 &#8211; 22:00 L\u00f6r-S\u00f6n 12:00 &#8211; 22:00[\/vc_column_text][\/vc_column][vc_column width=&#8221;1\/4&#8243;][vc_column_text]Ring oss 031-40 79 69[\/vc_column_text][\/vc_column][vc_column width=&#8221;1\/4&#8243;][vc_single_image image=&#8221;1844&#8243;][\/vc_column][\/vc_row][vc_row][vc_column width=&#8221;1\/2&#8243;][\/vc_column][vc_column width=&#8221;1\/2&#8243;][vc_gmaps [&hellip;]<\/p>\n","protected":false},"author":1,"featured_media":0,"parent":0,"menu_order":0,"comment_status":"closed","ping_status":"closed","template":"","meta":{"footnotes":""},"class_list":["post-24","page","type-page","status-publish","hentry"],"_links":{"self":[{"href":"https:\/\/jakobsdalls.se\/index\/wp-json\/wp\/v2\/pages\/24","targetHints":{"allow":["GET"]}}],"collection":[{"href":"https:\/\/jakobsdalls.se\/index\/wp-json\/wp\/v2\/pages"}],"about":[{"href":"https:\/\/jakobsdalls.se\/index\/wp-json\/wp\/v2\/types\/page"}],"author":[{"embeddable":true,"href":"https:\/\/jakobsdalls.se\/index\/wp-json\/wp\/v2\/users\/1"}],"replies":[{"embeddable":true,"href":"https:\/\/jakobsdalls.se\/index\/wp-json\/wp\/v2\/comments?post=24"}],"version-history":[{"count":2,"href":"https:\/\/jakobsdalls.se\/index\/wp-json\/wp\/v2\/pages\/24\/revisions"}],"predecessor-version":[{"id":2032,"href":"https:\/\/jakobsdalls.se\/index\/wp-json\/wp\/v2\/pages\/24\/revisions\/2032"}],"wp:attachment":[{"href":"https:\/\/jakobsdalls.se\/index\/wp-json\/wp\/v2\/media?parent=24"}],"curies":[{"name":"wp","href":"https:\/\/api.w.org\/{rel}","templated":true}]}}